{"id":189,"date":"2022-01-07T16:38:27","date_gmt":"2022-01-07T16:38:27","guid":{"rendered":"http:\/\/localhost\/miramar8\/?page_id=189"},"modified":"2024-11-21T17:22:29","modified_gmt":"2024-11-21T17:22:29","slug":"practicas","status":"publish","type":"page","link":"https:\/\/www.autoescuelamiramar.es\/?page_id=189","title":{"rendered":"Pr\u00e1cticas"},"content":{"rendered":"<p>[vc_row][vc_column][vc_custom_heading text=\u00bbPr\u00e1cticas\u00bb font_container=\u00bbtag:h2|font_size:40|text_align:center\u00bb google_fonts=\u00bbfont_family:Open%20Sans%3A300%2C300italic%2Cregular%2Citalic%2C600%2C600italic%2C700%2C700italic%2C800%2C800italic|font_style:400%20regular%3A400%3Anormal\u00bb css=\u00bb.vc_custom_1725725839961{margin-bottom: 35px !important;}\u00bb][vc_custom_heading text=\u00bb\u00a1Que no te mareen!\u00bb font_container=\u00bbtag:h2|text_align:center\u00bb google_fonts=\u00bbfont_family:Open%20Sans%3A300%2C300italic%2Cregular%2Citalic%2C600%2C600italic%2C700%2C700italic%2C800%2C800italic|font_style:300%20light%20regular%3A300%3Anormal\u00bb css=\u00bb.vc_custom_1445713179807{margin-bottom: 25px !important;}\u00bb][\/vc_column][\/vc_row][vc_row][vc_column width=\u00bb1\/4&#8243;][vc_raw_html]JTNDZGl2JTIwY2xhc3MlM0QlMjJ0ZXh0LWNlbnRlciUyMiUzRSUwQSUzQ2ltZyUyMHNyYyUzRCUyMmh0dHAlM0ElMkYlMkZ3d3cuYXV0b2VzY3VlbGFtaXJhbWFyLmVzJTJGd3AtY29udGVudCUyRnVwbG9hZHMlMkYyMDE5JTJGMDYlMkZUcmF2ZWwtYW5kLVRyYW5zcG9ydGF0aW9uLTIwLnBuZyUyMiUyRiUzRSUwQSUzQyUyRmRpdiUzRQ==[\/vc_raw_html][vc_custom_heading text=\u00bbTendr\u00e1s siempre al mismo profesor y veh\u00edculo, de la primera a la \u00faltima pr\u00e1ctica, sin cambios de horario ni otros m\u00e9todos poco did\u00e1cticos.\u00bb font_container=\u00bbtag:h3|font_size:20|text_align:justify\u00bb google_fonts=\u00bbfont_family:Open%20Sans%3A300%2C300italic%2Cregular%2Citalic%2C600%2C600italic%2C700%2C700italic%2C800%2C800italic|font_style:300%20light%20regular%3A300%3Anormal\u00bb css=\u00bb.vc_custom_1445713051337{margin-top: 30px !important;margin-right: 20px !important;margin-left: 20px !important;}\u00bb][\/vc_column][vc_column width=\u00bb1\/4&#8243;][vc_raw_html]JTNDZGl2JTIwY2xhc3MlM0QlMjJ0ZXh0LWNlbnRlciUyMiUzRSUwQSUzQ2ltZyUyMHNyYyUzRCUyMmh0dHAlM0ElMkYlMkZ3d3cuYXV0b2VzY3VlbGFtaXJhbWFyLmVzJTJGd3AtY29udGVudCUyRnVwbG9hZHMlMkYyMDE5JTJGMDYlMkZBcnJvd3MtNDgucG5nJTIyJTJGJTNFJTBBJTNDJTJGZGl2JTNF[\/vc_raw_html][vc_custom_heading text=\u00bbTu profesor controlar\u00e1 y velar\u00e1 para que el proceso de aprendizaje sea lo m\u00e1s eficaz posible y no tengas que realizar m\u00e1s pr\u00e1cticas de las que realmente necesites.\u00bb font_container=\u00bbtag:h3|font_size:20|text_align:justify\u00bb google_fonts=\u00bbfont_family:Open%20Sans%3A300%2C300italic%2Cregular%2Citalic%2C600%2C600italic%2C700%2C700italic%2C800%2C800italic|font_style:300%20light%20regular%3A300%3Anormal\u00bb css=\u00bb.vc_custom_1445713059254{margin-top: 30px !important;margin-right: 20px !important;margin-left: 20px !important;}\u00bb][\/vc_column][vc_column width=\u00bb1\/4&#8243;][vc_raw_html]JTNDZGl2JTIwY2xhc3MlM0QlMjJ0ZXh0LWNlbnRlciUyMiUzRSUwQSUzQ2ltZyUyMHNyYyUzRCUyMmh0dHAlM0ElMkYlMkZ3d3cuYXV0b2VzY3VlbGFtaXJhbWFyLmVzJTJGd3AtY29udGVudCUyRnVwbG9hZHMlMkYyMDE5JTJGMDYlMkZTRU8tNDYucG5nJTIyJTJGJTNFJTBBJTNDJTJGZGl2JTNF[\/vc_raw_html][vc_custom_heading text=\u00bbLas pr\u00e1cticas siempre se realizaran en zonas de examen.\u00bb font_container=\u00bbtag:h3|font_size:20|text_align:justify\u00bb google_fonts=\u00bbfont_family:Open%20Sans%3A300%2C300italic%2Cregular%2Citalic%2C600%2C600italic%2C700%2C700italic%2C800%2C800italic|font_style:300%20light%20regular%3A300%3Anormal\u00bb css=\u00bb.vc_custom_1445713067287{margin-top: 30px !important;margin-right: 20px !important;margin-left: 20px !important;}\u00bb][\/vc_column][vc_column width=\u00bb1\/4&#8243;][vc_raw_html]JTNDZGl2JTIwY2xhc3MlM0QlMjJ0ZXh0LWNlbnRlciUyMiUzRSUwQSUzQ2ltZyUyMHNyYyUzRCUyMmh0dHAlM0ElMkYlMkZ3d3cuYXV0b2VzY3VlbGFtaXJhbWFyLmVzJTJGd3AtY29udGVudCUyRnVwbG9hZHMlMkYyMDE5JTJGMDYlMkZ0aWVtcG8ucG5nJTIyJTJGJTNFJTBBJTNDJTJGZGl2JTNF[\/vc_raw_html][vc_custom_heading text=\u00bbEl horarios de pr\u00e1cticas es: 6:45 &#8211; 21:00 ininterrumpidamente.\u00bb font_container=\u00bbtag:h3|font_size:20|text_align:justify\u00bb google_fonts=\u00bbfont_family:Open%20Sans%3A300%2C300italic%2Cregular%2Citalic%2C600%2C600italic%2C700%2C700italic%2C800%2C800italic|font_style:300%20light%20regular%3A300%3Anormal\u00bb css=\u00bb.vc_custom_1445713134857{margin-top: 30px !important;margin-right: 20px !important;margin-left: 20px !important;}\u00bb][\/vc_column][\/vc_row][vc_row][vc_column][vc_custom_heading text=\u00bbTengo miedo a conducir&#8230;\u00bb font_container=\u00bbtag:h2|text_align:center\u00bb google_fonts=\u00bbfont_family:Open%20Sans%3A300%2C300italic%2Cregular%2Citalic%2C600%2C600italic%2C700%2C700italic%2C800%2C800italic|font_style:300%20light%20regular%3A300%3Anormal\u00bb css=\u00bb.vc_custom_1445713279252{margin-top: 25px !important;margin-bottom: 25px !important;}\u00bb][vc_custom_heading text=\u00bb\u00a1Ya no ser\u00e1 un problema!\u00bb font_container=\u00bbtag:h3|font_size:22|text_align:center\u00bb google_fonts=\u00bbfont_family:Open%20Sans%3A300%2C300italic%2Cregular%2Citalic%2C600%2C600italic%2C700%2C700italic%2C800%2C800italic|font_style:300%20light%20regular%3A300%3Anormal\u00bb][vc_single_image image=\u00bb36&#8243; img_size=\u00bblarge\u00bb alignment=\u00bbcenter\u00bb css=\u00bb.vc_custom_1559506784772{margin-top: 20px !important;margin-bottom: 20px !important;}\u00bb el_class=\u00bbcenter\u00bb][vc_custom_heading text=\u00bbDisponemos de profesores especializados que te ayudar\u00e1n a perder el miedo y te transmitir\u00e1n los valores necesarios para poder conducir de una forma segura, aut\u00f3noma y tranquila.\u00bb font_container=\u00bbtag:h3|text_align:center\u00bb google_fonts=\u00bbfont_family:Open%20Sans%3A300%2C300italic%2Cregular%2Citalic%2C600%2C600italic%2C700%2C700italic%2C800%2C800italic|font_style:300%20light%20regular%3A300%3Anormal\u00bb][\/vc_column][\/vc_row][vc_row][vc_column][vc_custom_heading text=\u00bbHace mucho que no conduzco, necesito un reciclaje\u00bb font_container=\u00bbtag:h2|text_align:center\u00bb google_fonts=\u00bbfont_family:Open%20Sans%3A300%2C300italic%2Cregular%2Citalic%2C600%2C600italic%2C700%2C700italic%2C800%2C800italic|font_style:300%20light%20regular%3A300%3Anormal\u00bb css=\u00bb.vc_custom_1445713462947{margin-top: 35px !important;margin-bottom: 25px !important;}\u00bb][vc_single_image image=\u00bb46&#8243; alignment=\u00bbcenter\u00bb el_class=\u00bbcenter\u00bb][vc_custom_heading text=\u00bbCon la ayuda de nuestros profesores podr\u00e1s retomar de nuevo la conducci\u00f3n y recordar el manejo del veh\u00edculo. Sobretodo, mejorar en seguridad y confianza al volante para poder ser un conductor autosuficiente.\u00bb font_container=\u00bbtag:h3|text_align:center\u00bb google_fonts=\u00bbfont_family:Open%20Sans%3A300%2C300italic%2Cregular%2Citalic%2C600%2C600italic%2C700%2C700italic%2C800%2C800italic|font_style:300%20light%20regular%3A300%3Anormal\u00bb][\/vc_column][\/vc_row][vc_row][vc_column][vc_custom_heading text=\u00bb\u00bfAlguna duda?\u00bb font_container=\u00bbtag:h2|font_size:30|text_align:center\u00bb google_fonts=\u00bbfont_family:Open%20Sans%3A300%2C300italic%2Cregular%2Citalic%2C600%2C600italic%2C700%2C700italic%2C800%2C800italic|font_style:300%20light%20regular%3A300%3Anormal\u00bb css=\u00bb.vc_custom_1445713676770{margin-top: 30px !important;margin-bottom: 15px !important;}\u00bb][vc_custom_heading text=\u00bbRellena este formulario y nos pondremos en contacto contigo.\u00bb font_container=\u00bbtag:h3|text_align:center\u00bb google_fonts=\u00bbfont_family:Open%20Sans%3A300%2C300italic%2Cregular%2Citalic%2C600%2C600italic%2C700%2C700italic%2C800%2C800italic|font_style:300%20light%20regular%3A300%3Anormal\u00bb css=\u00bb.vc_custom_1445713696981{margin-top: 15px !important;margin-bottom: 25px !important;}\u00bb]<div role=\"form\" class=\"wpcf7\" id=\"wpcf7-f64-o1\" lang=\"es-ES\" dir=\"ltr\">\n<div class=\"screen-reader-response\"><p role=\"status\" aria-live=\"polite\" aria-atomic=\"true\"><\/p> <ul><\/ul><\/div>\n<form action=\"\/index.php?rest_route=%2Fwp%2Fv2%2Fpages%2F189#wpcf7-f64-o1\" method=\"post\" class=\"wpcf7-form init\" novalidate=\"novalidate\" data-status=\"init\">\n<div style=\"display: none;\">\n<input type=\"hidden\" name=\"_wpcf7\" value=\"64\" \/>\n<input type=\"hidden\" name=\"_wpcf7_version\" value=\"5.5.3\" \/>\n<input type=\"hidden\" name=\"_wpcf7_locale\" value=\"es_ES\" \/>\n<input type=\"hidden\" name=\"_wpcf7_unit_tag\" value=\"wpcf7-f64-o1\" \/>\n<input type=\"hidden\" name=\"_wpcf7_container_post\" value=\"0\" \/>\n<input type=\"hidden\" name=\"_wpcf7_posted_data_hash\" value=\"\" \/>\n<input type=\"hidden\" name=\"_wpcf7_recaptcha_response\" value=\"\" \/>\n<\/div>\n<div class=\"container\">\n<div class=\"row\">\n<div class=\"col-xs-6 col-md-4\">\n\t\t<span class=\"wpcf7-form-control-wrap your-name\"><input type=\"text\" name=\"your-name\" value=\"\" size=\"30\" class=\"wpcf7-form-control wpcf7-text wpcf7-validates-as-required form-control mb-2 mx-auto\" aria-required=\"true\" aria-invalid=\"false\" placeholder=\"Su nombre\" \/><\/span><br \/>\n\t\t<span class=\"wpcf7-form-control-wrap tel-123\"><input type=\"tel\" name=\"tel-123\" value=\"\" size=\"30\" class=\"wpcf7-form-control wpcf7-text wpcf7-tel wpcf7-validates-as-required wpcf7-validates-as-tel form-control mb-2 mx-auto\" aria-required=\"true\" aria-invalid=\"false\" placeholder=\"Su tel\u00e9fono\" \/><\/span><br \/>\n\t\t<span class=\"wpcf7-form-control-wrap your-mail\"><input type=\"email\" name=\"your-mail\" value=\"\" size=\"30\" class=\"wpcf7-form-control wpcf7-text wpcf7-email wpcf7-validates-as-required wpcf7-validates-as-email form-control mb-2 mx-auto\" aria-required=\"true\" aria-invalid=\"false\" placeholder=\"Su Correo\" \/><\/span>\n\t<\/div>\n<div class=\"col-xs-6 col-md-3\">\n<div class=\"input-group h38 mb-2 w-100\">\n<div class=\"input-group-prepend\">\n<span class=\"input-group-text h38\" id=\"basic-addon1\"><i class=\"fa fa-car\"><\/i><\/span>\n<\/div>\n<p><span class=\"wpcf7-form-control-wrap radio-393\"><span class=\"wpcf7-form-control wpcf7-radio form-control formmiramar practica\" id=\"radio1\"><span class=\"wpcf7-list-item first last\"><label><input type=\"radio\" name=\"radio-393\" value=\"Solo pr\u00e1ctica\" \/><span class=\"wpcf7-list-item-label\">Solo pr\u00e1ctica<\/span><\/label><\/span><\/span><\/span>\n<\/p><\/div>\n<div class=\"input-group h38 mb-2 w-100\">\n<div class=\"input-group-prepend\">\n<span class=\"input-group-text h38\" id=\"basic-addon1\"><i class=\"fa fa-align-justify\"><\/i><\/span>\n<\/div>\n<p><span class=\"wpcf7-form-control-wrap radio-393\"><span class=\"wpcf7-form-control wpcf7-radio form-control formmiramar teorica\" id=\"radio2\"><span class=\"wpcf7-list-item first last\"><label><input type=\"radio\" name=\"radio-393\" value=\"Solo te\u00f3rica\" \/><span class=\"wpcf7-list-item-label\">Solo te\u00f3rica<\/span><\/label><\/span><\/span><\/span>\n<\/p><\/div>\n<div class=\"input-group h38 mb-2 w-100\">\n<div class=\"input-group-prepend\">\n<span class=\"input-group-text h38\" id=\"basic-addon1\"><i class=\"fa fa-car\"><\/i><\/span>\n<\/div>\n<p><span class=\"wpcf7-form-control-wrap radio-393\"><span class=\"wpcf7-form-control wpcf7-radio form-control formmiramar ambos\" id=\"radio3\"><span class=\"wpcf7-list-item first last\"><label><input type=\"radio\" name=\"radio-393\" value=\"Ambos\" \/><span class=\"wpcf7-list-item-label\">Ambos<\/span><\/label><\/span><\/span><\/span>\n<\/p><\/div>\n<\/div>\n<div class=\"col-xs-6 col-md-5\">\n\t\t<span class=\"wpcf7-form-control-wrap your-message\"><textarea name=\"your-message\" cols=\"40\" rows=\"3\" class=\"wpcf7-form-control wpcf7-textarea area w-100\" aria-invalid=\"false\" placeholder=\"Su pregunta\"><\/textarea><\/span>\n\t<\/div>\n<\/div>\n<\/div>\n<div class=\"container\">\n<div class=\"row\">\n<div class=\"col-xs-6 col-md-4\"><\/div>\n<div class=\"col-xs-6 col-md-3\"><\/div>\n<div class=\"col-xs-6 col-md-5\">\n<div class=\"mt-2\">\n\n<p>\t<input type=\"submit\" value=\"Enviar\" class=\"wpcf7-form-control has-spinner wpcf7-submit submitEnviar\" \/>\n<\/p><\/div>\n<\/div>\n<\/div>\n<\/div>\n<div class=\"wpcf7-response-output\" aria-hidden=\"true\"><\/div><\/form><\/div>[\/vc_column][\/vc_row]<\/p>\n","protected":false},"excerpt":{"rendered":"<p>[vc_row][vc_column][vc_custom_heading text=\u00bbPr\u00e1cticas\u00bb font_container=\u00bbtag:h2|font_size:40|text_align:center\u00bb google_fonts=\u00bbfont_family:Open%20Sans%3A300%2C300italic%2Cregular%2Citalic%2C600%2C600italic%2C700%2C700italic%2C800%2C800italic|font_style:400%20regular%3A400%3Anormal\u00bb css=\u00bb.vc_custom_1725725839961{margin-bottom: 35px !important;}\u00bb][vc_custom_heading text=\u00bb\u00a1Que no te mareen!\u00bb font_container=\u00bbtag:h2|text_align:center\u00bb google_fonts=\u00bbfont_family:Open%20Sans%3A300%2C300italic%2Cregular%2Citalic%2C600%2C600italic%2C700%2C700italic%2C800%2C800italic|font_style:300%20light%20regular%3A300%3Anormal\u00bb css=\u00bb.vc_custom_1445713179807{margin-bottom: 25px !important;}\u00bb][\/vc_column][\/vc_row][vc_row][vc_column width=\u00bb1\/4&#8243;][vc_raw_html]JTNDZGl2JTIwY2xhc3MlM0QlMjJ0ZXh0LWNlbnRlciUyMiUzRSUwQSUzQ2ltZyUyMHNyYyUzRCUyMmh0dHAlM0ElMkYlMkZ3d3cuYXV0b2VzY3VlbGFtaXJhbWFyLmVzJTJGd3AtY29udGVudCUyRnVwbG9hZHMlMkYyMDE5JTJGMDYlMkZUcmF2ZWwtYW5kLVRyYW5zcG9ydGF0aW9uLTIwLnBuZyUyMiUyRiUzRSUwQSUzQyUyRmRpdiUzRQ==[\/vc_raw_html][vc_custom_heading text=\u00bbTendr\u00e1s siempre al mismo profesor y veh\u00edculo, de la primera a la \u00faltima pr\u00e1ctica, sin cambios de horario ni otros m\u00e9todos poco did\u00e1cticos.\u00bb font_container=\u00bbtag:h3|font_size:20|text_align:justify\u00bb google_fonts=\u00bbfont_family:Open%20Sans%3A300%2C300italic%2Cregular%2Citalic%2C600%2C600italic%2C700%2C700italic%2C800%2C800italic|font_style:300%20light%20regular%3A300%3Anormal\u00bb css=\u00bb.vc_custom_1445713051337{margin-top: 30px !important;margin-right: 20px !important;margin-left: 20px !important;}\u00bb][\/vc_column][vc_column width=\u00bb1\/4&#8243;][vc_raw_html]JTNDZGl2JTIwY2xhc3MlM0QlMjJ0ZXh0LWNlbnRlciUyMiUzRSUwQSUzQ2ltZyUyMHNyYyUzRCUyMmh0dHAlM0ElMkYlMkZ3d3cuYXV0b2VzY3VlbGFtaXJhbWFyLmVzJTJGd3AtY29udGVudCUyRnVwbG9hZHMlMkYyMDE5JTJGMDYlMkZBcnJvd3MtNDgucG5nJTIyJTJGJTNFJTBBJTNDJTJGZGl2JTNF[\/vc_raw_html][vc_custom_heading text=\u00bbTu profesor controlar\u00e1 y velar\u00e1&hellip;&nbsp;<a href=\"https:\/\/www.autoescuelamiramar.es\/?page_id=189\" class=\"\" rel=\"bookmark\">Leer m\u00e1s &raquo;<span class=\"screen-reader-text\">Pr\u00e1cticas<\/span><\/a><\/p>\n","protected":false},"author":1,"featured_media":0,"parent":0,"menu_order":0,"comment_status":"closed","ping_status":"closed","template":"","meta":{"neve_meta_sidebar":"","neve_meta_container":"","neve_meta_enable_content_width":"off","neve_meta_content_width":100,"neve_meta_title_alignment":"","neve_meta_author_avatar":"","neve_post_elements_order":"","neve_meta_disable_header":"","neve_meta_disable_footer":"","neve_meta_disable_title":"on","neve_meta_reading_time":"","footnotes":""},"class_list":["post-189","page","type-page","status-publish","hentry"],"yoast_head":"<!-- This site is optimized with the Yoast SEO plugin v17.8 - https:\/\/yoast.com\/wordpress\/plugins\/seo\/ -->\n<title>Pr\u00e1cticas, Conducir\u00e1s seguro y confiado - Autoescuela Miramar<\/title>\n<meta name=\"description\" content=\"Las practicas de conducir tendr\u00e1s a un excelente profesor que te conducir\u00e1 a obtener el carnet de la forma m\u00e1s r\u00e1pida y sencilla, adecu\u00e1ndose a ti.\" \/>\n<meta name=\"robots\" content=\"index, follow, max-snippet:-1, max-image-preview:large, max-video-preview:-1\" \/>\n<link rel=\"canonical\" href=\"https:\/\/www.autoescuelamiramar.es\/?page_id=189\" \/>\n<meta property=\"og:locale\" content=\"es_ES\" \/>\n<meta property=\"og:type\" content=\"article\" \/>\n<meta property=\"og:title\" content=\"Pr\u00e1cticas, Conducir\u00e1s seguro y confiado - Autoescuela Miramar\" \/>\n<meta property=\"og:description\" content=\"Las practicas de conducir tendr\u00e1s a un excelente profesor que te conducir\u00e1 a obtener el carnet de la forma m\u00e1s r\u00e1pida y sencilla, adecu\u00e1ndose a ti.\" \/>\n<meta property=\"og:url\" content=\"https:\/\/www.autoescuelamiramar.es\/?page_id=189\" \/>\n<meta property=\"og:site_name\" content=\"Autoescuela Miramar\" \/>\n<meta property=\"article:publisher\" content=\"https:\/\/es-es.facebook.com\/autoescuelamiramar\/\" \/>\n<meta property=\"article:modified_time\" content=\"2024-11-21T17:22:29+00:00\" \/>\n<meta name=\"twitter:card\" content=\"summary_large_image\" \/>\n<meta name=\"twitter:label1\" content=\"Tiempo de lectura\" \/>\n\t<meta name=\"twitter:data1\" content=\"5 minutos\" \/>\n<script type=\"application\/ld+json\" class=\"yoast-schema-graph\">{\"@context\":\"https:\/\/schema.org\",\"@graph\":[{\"@type\":\"Organization\",\"@id\":\"https:\/\/www.autoescuelamiramar.es\/#organization\",\"name\":\"Autoescuela Miramar\",\"url\":\"https:\/\/www.autoescuelamiramar.es\/\",\"sameAs\":[\"https:\/\/es-es.facebook.com\/autoescuelamiramar\/\"],\"logo\":{\"@type\":\"ImageObject\",\"@id\":\"https:\/\/www.autoescuelamiramar.es\/#logo\",\"inLanguage\":\"es\",\"url\":\"http:\/\/localhost\/miramar8\/wp-content\/uploads\/2019\/06\/Logotipo_Baner-e1450368670573.png\",\"contentUrl\":\"http:\/\/localhost\/miramar8\/wp-content\/uploads\/2019\/06\/Logotipo_Baner-e1450368670573.png\",\"width\":440,\"height\":119,\"caption\":\"Autoescuela Miramar\"},\"image\":{\"@id\":\"https:\/\/www.autoescuelamiramar.es\/#logo\"}},{\"@type\":\"WebSite\",\"@id\":\"https:\/\/www.autoescuelamiramar.es\/#website\",\"url\":\"https:\/\/www.autoescuelamiramar.es\/\",\"name\":\"Autoescuela Miramar\",\"description\":\"\",\"publisher\":{\"@id\":\"https:\/\/www.autoescuelamiramar.es\/#organization\"},\"potentialAction\":[{\"@type\":\"SearchAction\",\"target\":{\"@type\":\"EntryPoint\",\"urlTemplate\":\"https:\/\/www.autoescuelamiramar.es\/?s={search_term_string}\"},\"query-input\":\"required name=search_term_string\"}],\"inLanguage\":\"es\"},{\"@type\":\"WebPage\",\"@id\":\"https:\/\/www.autoescuelamiramar.es\/?page_id=189#webpage\",\"url\":\"https:\/\/www.autoescuelamiramar.es\/?page_id=189\",\"name\":\"Pr\\u00e1cticas, Conducir\\u00e1s seguro y confiado - Autoescuela Miramar\",\"isPartOf\":{\"@id\":\"https:\/\/www.autoescuelamiramar.es\/#website\"},\"datePublished\":\"2022-01-07T16:38:27+00:00\",\"dateModified\":\"2024-11-21T17:22:29+00:00\",\"description\":\"Las practicas de conducir tendr\\u00e1s a un excelente profesor que te conducir\\u00e1 a obtener el carnet de la forma m\\u00e1s r\\u00e1pida y sencilla, adecu\\u00e1ndose a ti.\",\"breadcrumb\":{\"@id\":\"https:\/\/www.autoescuelamiramar.es\/?page_id=189#breadcrumb\"},\"inLanguage\":\"es\",\"potentialAction\":[{\"@type\":\"ReadAction\",\"target\":[\"https:\/\/www.autoescuelamiramar.es\/?page_id=189\"]}]},{\"@type\":\"BreadcrumbList\",\"@id\":\"https:\/\/www.autoescuelamiramar.es\/?page_id=189#breadcrumb\",\"itemListElement\":[{\"@type\":\"ListItem\",\"position\":1,\"name\":\"Home\",\"item\":\"https:\/\/www.autoescuelamiramar.es\/\"},{\"@type\":\"ListItem\",\"position\":2,\"name\":\"Pr\\u00e1cticas\"}]}]}<\/script>\n<!-- \/ Yoast SEO plugin. -->","yoast_head_json":{"title":"Pr\u00e1cticas, Conducir\u00e1s seguro y confiado - Autoescuela Miramar","description":"Las practicas de conducir tendr\u00e1s a un excelente profesor que te conducir\u00e1 a obtener el carnet de la forma m\u00e1s r\u00e1pida y sencilla, adecu\u00e1ndose a ti.","robots":{"index":"index","follow":"follow","max-snippet":"max-snippet:-1","max-image-preview":"max-image-preview:large","max-video-preview":"max-video-preview:-1"},"canonical":"https:\/\/www.autoescuelamiramar.es\/?page_id=189","og_locale":"es_ES","og_type":"article","og_title":"Pr\u00e1cticas, Conducir\u00e1s seguro y confiado - Autoescuela Miramar","og_description":"Las practicas de conducir tendr\u00e1s a un excelente profesor que te conducir\u00e1 a obtener el carnet de la forma m\u00e1s r\u00e1pida y sencilla, adecu\u00e1ndose a ti.","og_url":"https:\/\/www.autoescuelamiramar.es\/?page_id=189","og_site_name":"Autoescuela Miramar","article_publisher":"https:\/\/es-es.facebook.com\/autoescuelamiramar\/","article_modified_time":"2024-11-21T17:22:29+00:00","twitter_card":"summary_large_image","twitter_misc":{"Tiempo de lectura":"5 minutos"},"schema":{"@context":"https:\/\/schema.org","@graph":[{"@type":"Organization","@id":"https:\/\/www.autoescuelamiramar.es\/#organization","name":"Autoescuela Miramar","url":"https:\/\/www.autoescuelamiramar.es\/","sameAs":["https:\/\/es-es.facebook.com\/autoescuelamiramar\/"],"logo":{"@type":"ImageObject","@id":"https:\/\/www.autoescuelamiramar.es\/#logo","inLanguage":"es","url":"http:\/\/localhost\/miramar8\/wp-content\/uploads\/2019\/06\/Logotipo_Baner-e1450368670573.png","contentUrl":"http:\/\/localhost\/miramar8\/wp-content\/uploads\/2019\/06\/Logotipo_Baner-e1450368670573.png","width":440,"height":119,"caption":"Autoescuela Miramar"},"image":{"@id":"https:\/\/www.autoescuelamiramar.es\/#logo"}},{"@type":"WebSite","@id":"https:\/\/www.autoescuelamiramar.es\/#website","url":"https:\/\/www.autoescuelamiramar.es\/","name":"Autoescuela Miramar","description":"","publisher":{"@id":"https:\/\/www.autoescuelamiramar.es\/#organization"},"potentialAction":[{"@type":"SearchAction","target":{"@type":"EntryPoint","urlTemplate":"https:\/\/www.autoescuelamiramar.es\/?s={search_term_string}"},"query-input":"required name=search_term_string"}],"inLanguage":"es"},{"@type":"WebPage","@id":"https:\/\/www.autoescuelamiramar.es\/?page_id=189#webpage","url":"https:\/\/www.autoescuelamiramar.es\/?page_id=189","name":"Pr\u00e1cticas, Conducir\u00e1s seguro y confiado - Autoescuela Miramar","isPartOf":{"@id":"https:\/\/www.autoescuelamiramar.es\/#website"},"datePublished":"2022-01-07T16:38:27+00:00","dateModified":"2024-11-21T17:22:29+00:00","description":"Las practicas de conducir tendr\u00e1s a un excelente profesor que te conducir\u00e1 a obtener el carnet de la forma m\u00e1s r\u00e1pida y sencilla, adecu\u00e1ndose a ti.","breadcrumb":{"@id":"https:\/\/www.autoescuelamiramar.es\/?page_id=189#breadcrumb"},"inLanguage":"es","potentialAction":[{"@type":"ReadAction","target":["https:\/\/www.autoescuelamiramar.es\/?page_id=189"]}]},{"@type":"BreadcrumbList","@id":"https:\/\/www.autoescuelamiramar.es\/?page_id=189#breadcrumb","itemListElement":[{"@type":"ListItem","position":1,"name":"Home","item":"https:\/\/www.autoescuelamiramar.es\/"},{"@type":"ListItem","position":2,"name":"Pr\u00e1cticas"}]}]}},"_links":{"self":[{"href":"https:\/\/www.autoescuelamiramar.es\/index.php?rest_route=\/wp\/v2\/pages\/189","targetHints":{"allow":["GET"]}}],"collection":[{"href":"https:\/\/www.autoescuelamiramar.es\/index.php?rest_route=\/wp\/v2\/pages"}],"about":[{"href":"https:\/\/www.autoescuelamiramar.es\/index.php?rest_route=\/wp\/v2\/types\/page"}],"author":[{"embeddable":true,"href":"https:\/\/www.autoescuelamiramar.es\/index.php?rest_route=\/wp\/v2\/users\/1"}],"replies":[{"embeddable":true,"href":"https:\/\/www.autoescuelamiramar.es\/index.php?rest_route=%2Fwp%2Fv2%2Fcomments&post=189"}],"version-history":[{"count":4,"href":"https:\/\/www.autoescuelamiramar.es\/index.php?rest_route=\/wp\/v2\/pages\/189\/revisions"}],"predecessor-version":[{"id":677,"href":"https:\/\/www.autoescuelamiramar.es\/index.php?rest_route=\/wp\/v2\/pages\/189\/revisions\/677"}],"wp:attachment":[{"href":"https:\/\/www.autoescuelamiramar.es\/index.php?rest_route=%2Fwp%2Fv2%2Fmedia&parent=189"}],"curies":[{"name":"wp","href":"https:\/\/api.w.org\/{rel}","templated":true}]}}