{"id":634,"date":"2022-01-07T19:07:33","date_gmt":"2022-01-07T19:07:33","guid":{"rendered":"http:\/\/localhost\/miramar8\/?page_id=634"},"modified":"2024-09-07T16:16:56","modified_gmt":"2024-09-07T16:16:56","slug":"practiques","status":"publish","type":"page","link":"https:\/\/www.autoescuelamiramar.es\/?page_id=634&lang=ca","title":{"rendered":"Pr\u00e0ctiques"},"content":{"rendered":"<p>[vc_row][vc_column][vc_custom_heading text=\u00bbPr\u00e0ctiques\u00bb font_container=\u00bbtag:h2|font_size:40|text_align:center\u00bb google_fonts=\u00bbfont_family:Open%20Sans%3A300%2C300italic%2Cregular%2Citalic%2C600%2C600italic%2C700%2C700italic%2C800%2C800italic|font_style:400%20regular%3A400%3Anormal\u00bb css=\u00bb.vc_custom_1725725813805{margin-bottom: 35px !important;}\u00bb][vc_custom_heading text=\u00bb\u00a1Que no et maregin!\u00bb font_container=\u00bbtag:h2|text_align:center\u00bb google_fonts=\u00bbfont_family:Open%20Sans%3A300%2C300italic%2Cregular%2Citalic%2C600%2C600italic%2C700%2C700italic%2C800%2C800italic|font_style:300%20light%20regular%3A300%3Anormal\u00bb css=\u00bb.vc_custom_1447507223074{margin-bottom: 25px !important;}\u00bb][\/vc_column][\/vc_row][vc_row][vc_column width=\u00bb1\/4&#8243;][vc_raw_html el_class=\u00bbcenter\u00bb]JTNDZGl2JTIwY2xhc3MlM0QlMjJ0ZXh0LWNlbnRlciUyMiUzRSUwQSUzQ2ltZyUyMHNyYyUzRCUyMmh0dHAlM0ElMkYlMkZ3d3cuYXV0b2VzY3VlbGFtaXJhbWFyLmVzJTJGd3AtY29udGVudCUyRnVwbG9hZHMlMkYyMDE5JTJGMDYlMkZUcmF2ZWwtYW5kLVRyYW5zcG9ydGF0aW9uLTIwLnBuZyUyMiUyRiUzRSUwQSUzQyUyRmRpdiUzRQ==[\/vc_raw_html][vc_custom_heading text=\u00bbTindr\u00e0s sempre al mateix professor i vehicle, de la primera a l&#8217;\u00faltima pr\u00e0ctica, sense canvis d&#8217;horaris ni altres m\u00e8todes poc did\u00e0ctics.\u00bb font_container=\u00bbtag:h3|font_size:20|text_align:justify\u00bb google_fonts=\u00bbfont_family:Open%20Sans%3A300%2C300italic%2Cregular%2Citalic%2C600%2C600italic%2C700%2C700italic%2C800%2C800italic|font_style:300%20light%20regular%3A300%3Anormal\u00bb css=\u00bb.vc_custom_1447507353461{margin-top: 30px !important;margin-right: 20px !important;margin-left: 20px !important;}\u00bb][\/vc_column][vc_column width=\u00bb1\/4&#8243;][vc_raw_html el_class=\u00bbcenter\u00bb]JTNDZGl2JTIwY2xhc3MlM0QlMjJ0ZXh0LWNlbnRlciUyMiUzRSUwQSUzQ2ltZyUyMHNyYyUzRCUyMmh0dHAlM0ElMkYlMkZ3d3cuYXV0b2VzY3VlbGFtaXJhbWFyLmVzJTJGd3AtY29udGVudCUyRnVwbG9hZHMlMkYyMDE5JTJGMDYlMkZBcnJvd3MtNDgucG5nJTIyJTJGJTNFJTBBJTNDJTJGZGl2JTNF[\/vc_raw_html][vc_custom_heading text=\u00bbEl teu professor controlar\u00e0 i velar\u00e0 per a que el proc\u00e9s d&#8217;aprenentatge sigui el mes efica\u00e7 possible i no tinguis que realitzar mes pr\u00e0ctiques de les que realment necessites.\u00bb font_container=\u00bbtag:h3|font_size:20|text_align:justify\u00bb google_fonts=\u00bbfont_family:Open%20Sans%3A300%2C300italic%2Cregular%2Citalic%2C600%2C600italic%2C700%2C700italic%2C800%2C800italic|font_style:300%20light%20regular%3A300%3Anormal\u00bb css=\u00bb.vc_custom_1447507562324{margin-top: 30px !important;margin-right: 20px !important;margin-left: 20px !important;}\u00bb][\/vc_column][vc_column width=\u00bb1\/4&#8243;][vc_raw_html el_class=\u00bbcenter\u00bb]JTNDZGl2JTIwY2xhc3MlM0QlMjJ0ZXh0LWNlbnRlciUyMiUzRSUwQSUzQ2ltZyUyMHNyYyUzRCUyMmh0dHAlM0ElMkYlMkZ3d3cuYXV0b2VzY3VlbGFtaXJhbWFyLmVzJTJGd3AtY29udGVudCUyRnVwbG9hZHMlMkYyMDE5JTJGMDYlMkZTRU8tNDYucG5nJTIyJTJGJTNFJTBBJTNDJTJGZGl2JTNF[\/vc_raw_html][vc_custom_heading text=\u00bbLas pr\u00e0ctiques sempre es realitzaran en zones d&#8217;examen.\u00bb font_container=\u00bbtag:h3|font_size:20|text_align:justify\u00bb google_fonts=\u00bbfont_family:Open%20Sans%3A300%2C300italic%2Cregular%2Citalic%2C600%2C600italic%2C700%2C700italic%2C800%2C800italic|font_style:300%20light%20regular%3A300%3Anormal\u00bb css=\u00bb.vc_custom_1447507595324{margin-top: 30px !important;margin-right: 20px !important;margin-left: 20px !important;}\u00bb][\/vc_column][vc_column width=\u00bb1\/4&#8243;][vc_raw_html el_class=\u00bbcenter\u00bb]JTNDZGl2JTIwY2xhc3MlM0QlMjJ0ZXh0LWNlbnRlciUyMiUzRSUwQSUzQ2ltZyUyMHNyYyUzRCUyMmh0dHAlM0ElMkYlMkZ3d3cuYXV0b2VzY3VlbGFtaXJhbWFyLmVzJTJGd3AtY29udGVudCUyRnVwbG9hZHMlMkYyMDE5JTJGMDYlMkZ0aWVtcG8ucG5nJTIyJTJGJTNFJTBBJTNDJTJGZGl2JTNF[\/vc_raw_html][vc_custom_heading text=\u00bbEl horarios de pr\u00e1cticas es: 6:45 &#8211; 21:00 ininterrumpidamente.\u00bb font_container=\u00bbtag:h3|font_size:20|text_align:justify\u00bb google_fonts=\u00bbfont_family:Open%20Sans%3A300%2C300italic%2Cregular%2Citalic%2C600%2C600italic%2C700%2C700italic%2C800%2C800italic|font_style:300%20light%20regular%3A300%3Anormal\u00bb css=\u00bb.vc_custom_1445713134857{margin-top: 30px !important;margin-right: 20px !important;margin-left: 20px !important;}\u00bb][\/vc_column][\/vc_row][vc_row][vc_column][vc_custom_heading text=\u00bbTinc por a conduir&#8230;\u00bb font_container=\u00bbtag:h2|text_align:center\u00bb google_fonts=\u00bbfont_family:Open%20Sans%3A300%2C300italic%2Cregular%2Citalic%2C600%2C600italic%2C700%2C700italic%2C800%2C800italic|font_style:300%20light%20regular%3A300%3Anormal\u00bb css=\u00bb.vc_custom_1447507618671{margin-top: 25px !important;margin-bottom: 25px !important;}\u00bb][vc_custom_heading text=\u00bb\u00a1Ja no ser\u00e0 un problema!\u00bb font_container=\u00bbtag:h3|font_size:22|text_align:center\u00bb google_fonts=\u00bbfont_family:Open%20Sans%3A300%2C300italic%2Cregular%2Citalic%2C600%2C600italic%2C700%2C700italic%2C800%2C800italic|font_style:300%20light%20regular%3A300%3Anormal\u00bb][vc_single_image image=\u00bb133&#8243; img_size=\u00bblarge\u00bb alignment=\u00bbcenter\u00bb css=\u00bb.vc_custom_1559511808099{margin-top: 20px !important;margin-bottom: 20px !important;}\u00bb el_class=\u00bbcenter\u00bb][vc_custom_heading text=\u00bbDisposem de professors especialitzats, que t&#8217;ajudaran a perdre la por i et transmetran els valors necessaris per poder conduir d&#8217;una forma segura, aut\u00f2noma i tranqil\u00b7la.\u00bb font_container=\u00bbtag:h3|text_align:center\u00bb google_fonts=\u00bbfont_family:Open%20Sans%3A300%2C300italic%2Cregular%2Citalic%2C600%2C600italic%2C700%2C700italic%2C800%2C800italic|font_style:300%20light%20regular%3A300%3Anormal\u00bb][\/vc_column][\/vc_row][vc_row][vc_column][vc_custom_heading text=\u00bbFa molt que no condueixo, necessito un reciclatge\u00bb font_container=\u00bbtag:h2|text_align:center\u00bb google_fonts=\u00bbfont_family:Open%20Sans%3A300%2C300italic%2Cregular%2Citalic%2C600%2C600italic%2C700%2C700italic%2C800%2C800italic|font_style:300%20light%20regular%3A300%3Anormal\u00bb css=\u00bb.vc_custom_1447507883376{margin-top: 35px !important;margin-bottom: 25px !important;}\u00bb][vc_single_image image=\u00bb143&#8243; alignment=\u00bbcenter\u00bb el_class=\u00bbcenter\u00bb][vc_custom_heading text=\u00bbAmb la ajuda dels nostres professors podr\u00e0s retornar de nou la conducci\u00f3 i recordar el maneig del vehicle. Sobretot, millorar en seguretat i confian\u00e7a al volant par a poder ser un conductor autosuficient.\u00bb font_container=\u00bbtag:h3|text_align:center\u00bb google_fonts=\u00bbfont_family:Open%20Sans%3A300%2C300italic%2Cregular%2Citalic%2C600%2C600italic%2C700%2C700italic%2C800%2C800italic|font_style:300%20light%20regular%3A300%3Anormal\u00bb][\/vc_column][\/vc_row][vc_row][vc_column][vc_custom_heading text=\u00bb\u00bfAlgun dubte?\u00bb font_container=\u00bbtag:h2|font_size:30|text_align:center\u00bb google_fonts=\u00bbfont_family:Open%20Sans%3A300%2C300italic%2Cregular%2Citalic%2C600%2C600italic%2C700%2C700italic%2C800%2C800italic|font_style:300%20light%20regular%3A300%3Anormal\u00bb css=\u00bb.vc_custom_1447507992803{margin-top: 30px !important;margin-bottom: 15px !important;}\u00bb][vc_custom_heading text=\u00bbOmple aquest formulari i ens posarem en contacte amb tu.\u00bb font_container=\u00bbtag:h3|text_align:center\u00bb google_fonts=\u00bbfont_family:Open%20Sans%3A300%2C300italic%2Cregular%2Citalic%2C600%2C600italic%2C700%2C700italic%2C800%2C800italic|font_style:300%20light%20regular%3A300%3Anormal\u00bb css=\u00bb.vc_custom_1447508019926{margin-top: 15px !important;margin-bottom: 25px !important;}\u00bb]<div role=\"form\" class=\"wpcf7\" id=\"wpcf7-f175-o1\" lang=\"es-ES\" dir=\"ltr\">\n<div class=\"screen-reader-response\"><p role=\"status\" aria-live=\"polite\" aria-atomic=\"true\"><\/p> <ul><\/ul><\/div>\n<form action=\"\/index.php?rest_route=%2Fwp%2Fv2%2Fpages%2F634#wpcf7-f175-o1\" method=\"post\" class=\"wpcf7-form init\" novalidate=\"novalidate\" data-status=\"init\">\n<div style=\"display: none;\">\n<input type=\"hidden\" name=\"_wpcf7\" value=\"175\" \/>\n<input type=\"hidden\" name=\"_wpcf7_version\" value=\"5.5.3\" \/>\n<input type=\"hidden\" name=\"_wpcf7_locale\" value=\"es_ES\" \/>\n<input type=\"hidden\" name=\"_wpcf7_unit_tag\" value=\"wpcf7-f175-o1\" \/>\n<input type=\"hidden\" name=\"_wpcf7_container_post\" value=\"0\" \/>\n<input type=\"hidden\" name=\"_wpcf7_posted_data_hash\" value=\"\" \/>\n<input type=\"hidden\" name=\"_wpcf7_recaptcha_response\" value=\"\" \/>\n<\/div>\n<div class=\"container\">\n<div class=\"row\">\n<div class=\"col-xs-6 col-md-4\">\n\t\t<span class=\"wpcf7-form-control-wrap your-name\"><input type=\"text\" name=\"your-name\" value=\"\" size=\"30\" class=\"wpcf7-form-control wpcf7-text wpcf7-validates-as-required form-control mb-2 mx-auto\" aria-required=\"true\" aria-invalid=\"false\" placeholder=\"El seu nom\" \/><\/span><br \/>\n\t\t<span class=\"wpcf7-form-control-wrap tel-123\"><input type=\"tel\" name=\"tel-123\" value=\"\" size=\"30\" class=\"wpcf7-form-control wpcf7-text wpcf7-tel wpcf7-validates-as-required wpcf7-validates-as-tel form-control mb-2 mx-auto\" aria-required=\"true\" aria-invalid=\"false\" placeholder=\"El seu tel\u00e8fon\" \/><\/span><br \/>\n\t\t<span class=\"wpcf7-form-control-wrap your-mail\"><input type=\"email\" name=\"your-mail\" value=\"\" size=\"30\" class=\"wpcf7-form-control wpcf7-text wpcf7-email wpcf7-validates-as-required wpcf7-validates-as-email form-control mb-2 mx-auto\" aria-required=\"true\" aria-invalid=\"false\" placeholder=\"El seu Correu\" \/><\/span>\n\t<\/div>\n<div class=\"col-xs-6 col-md-3\">\n<div class=\"input-group h38 mb-2 w-100\">\n<div class=\"input-group-prepend\">\n<span class=\"input-group-text h38 \" id=\"basic-addon1\"><i class=\"fa fa-car\"><\/i><\/span>\n<\/div>\n<p><span class=\"wpcf7-form-control-wrap radio-393\"><span class=\"wpcf7-form-control wpcf7-radio form-control formmiramar practica\" id=\"radio1\"><span class=\"wpcf7-list-item first last\"><label><input type=\"radio\" name=\"radio-393\" value=\"Nom\u00e9s pr\u00e0ctica\" \/><span class=\"wpcf7-list-item-label\">Nom\u00e9s pr\u00e0ctica<\/span><\/label><\/span><\/span><\/span>\n<\/p><\/div>\n<div class=\"input-group h38 mb-2 w-100\">\n<div class=\"input-group-prepend\">\n<span class=\"input-group-text h38 \" id=\"basic-addon1\"><i class=\"fa fa-align-justify\"><\/i><\/span>\n<\/div>\n<p><span class=\"wpcf7-form-control-wrap radio-393\"><span class=\"wpcf7-form-control wpcf7-radio form-control formmiramar teorica\" id=\"radio2\"><span class=\"wpcf7-list-item first last\"><label><input type=\"radio\" name=\"radio-393\" value=\"Nom\u00e9s te\u00f2ric\" \/><span class=\"wpcf7-list-item-label\">Nom\u00e9s te\u00f2ric<\/span><\/label><\/span><\/span><\/span>\n<\/p><\/div>\n<div class=\"input-group h38 mb-2 w-100\">\n<div class=\"input-group-prepend\">\n<span class=\"input-group-text h38 \" id=\"basic-addon1\"><i class=\"fa fa-car\"><\/i><\/span>\n<\/div>\n<p><span class=\"wpcf7-form-control-wrap radio-393\"><span class=\"wpcf7-form-control wpcf7-radio form-control formmiramar ambos\" id=\"radio3\"><span class=\"wpcf7-list-item first last\"><label><input type=\"radio\" name=\"radio-393\" value=\"Tots dos\" \/><span class=\"wpcf7-list-item-label\">Tots dos<\/span><\/label><\/span><\/span><\/span>\n<\/p><\/div>\n<\/div>\n<div class=\"col-xs-6 col-md-5\">\n\t\t<span class=\"wpcf7-form-control-wrap your-message\"><textarea name=\"your-message\" cols=\"40\" rows=\"3\" class=\"wpcf7-form-control wpcf7-textarea area w-100\" aria-invalid=\"false\" placeholder=\"La seva pregunta\"><\/textarea><\/span>\n\t<\/div>\n<\/div>\n<\/div>\n<div class=\"container\">\n<div class=\"row\">\n<div class=\"col-xs-6 col-md-4\"><\/div>\n<div class=\"col-xs-6 col-md-3\"><\/div>\n<div class=\"col-xs-6 col-md-5\">\n<div class=\"mt-2\">\n\n<p>\t<input type=\"submit\" value=\"Enviar\" class=\"wpcf7-form-control has-spinner wpcf7-submit submitEnviar\" \/>\n<\/p><\/div>\n<\/div>\n<\/div>\n<\/div>\n<div class=\"wpcf7-response-output\" aria-hidden=\"true\"><\/div><\/form><\/div>[\/vc_column][\/vc_row]<\/p>\n","protected":false},"excerpt":{"rendered":"<p>[vc_row][vc_column][vc_custom_heading text=\u00bbPr\u00e0ctiques\u00bb font_container=\u00bbtag:h2|font_size:40|text_align:center\u00bb google_fonts=\u00bbfont_family:Open%20Sans%3A300%2C300italic%2Cregular%2Citalic%2C600%2C600italic%2C700%2C700italic%2C800%2C800italic|font_style:400%20regular%3A400%3Anormal\u00bb css=\u00bb.vc_custom_1725725813805{margin-bottom: 35px !important;}\u00bb][vc_custom_heading text=\u00bb\u00a1Que no et maregin!\u00bb font_container=\u00bbtag:h2|text_align:center\u00bb google_fonts=\u00bbfont_family:Open%20Sans%3A300%2C300italic%2Cregular%2Citalic%2C600%2C600italic%2C700%2C700italic%2C800%2C800italic|font_style:300%20light%20regular%3A300%3Anormal\u00bb css=\u00bb.vc_custom_1447507223074{margin-bottom: 25px !important;}\u00bb][\/vc_column][\/vc_row][vc_row][vc_column width=\u00bb1\/4&#8243;][vc_raw_html el_class=\u00bbcenter\u00bb]JTNDZGl2JTIwY2xhc3MlM0QlMjJ0ZXh0LWNlbnRlciUyMiUzRSUwQSUzQ2ltZyUyMHNyYyUzRCUyMmh0dHAlM0ElMkYlMkZ3d3cuYXV0b2VzY3VlbGFtaXJhbWFyLmVzJTJGd3AtY29udGVudCUyRnVwbG9hZHMlMkYyMDE5JTJGMDYlMkZUcmF2ZWwtYW5kLVRyYW5zcG9ydGF0aW9uLTIwLnBuZyUyMiUyRiUzRSUwQSUzQyUyRmRpdiUzRQ==[\/vc_raw_html][vc_custom_heading text=\u00bbTindr\u00e0s sempre al mateix professor i vehicle, de la primera a l&#8217;\u00faltima pr\u00e0ctica, sense canvis d&#8217;horaris ni altres m\u00e8todes poc did\u00e0ctics.\u00bb font_container=\u00bbtag:h3|font_size:20|text_align:justify\u00bb google_fonts=\u00bbfont_family:Open%20Sans%3A300%2C300italic%2Cregular%2Citalic%2C600%2C600italic%2C700%2C700italic%2C800%2C800italic|font_style:300%20light%20regular%3A300%3Anormal\u00bb css=\u00bb.vc_custom_1447507353461{margin-top: 30px !important;margin-right: 20px !important;margin-left: 20px !important;}\u00bb][\/vc_column][vc_column width=\u00bb1\/4&#8243;][vc_raw_html el_class=\u00bbcenter\u00bb]JTNDZGl2JTIwY2xhc3MlM0QlMjJ0ZXh0LWNlbnRlciUyMiUzRSUwQSUzQ2ltZyUyMHNyYyUzRCUyMmh0dHAlM0ElMkYlMkZ3d3cuYXV0b2VzY3VlbGFtaXJhbWFyLmVzJTJGd3AtY29udGVudCUyRnVwbG9hZHMlMkYyMDE5JTJGMDYlMkZBcnJvd3MtNDgucG5nJTIyJTJGJTNFJTBBJTNDJTJGZGl2JTNF[\/vc_raw_html][vc_custom_heading text=\u00bbEl teu professor controlar\u00e0 i&hellip;&nbsp;<a href=\"https:\/\/www.autoescuelamiramar.es\/?page_id=634&#038;lang=ca\" class=\"\" rel=\"bookmark\">Leer m\u00e1s &raquo;<span class=\"screen-reader-text\">Pr\u00e0ctiques<\/span><\/a><\/p>\n","protected":false},"author":1,"featured_media":0,"parent":0,"menu_order":0,"comment_status":"closed","ping_status":"closed","template":"","meta":{"neve_meta_sidebar":"","neve_meta_container":"","neve_meta_enable_content_width":"off","neve_meta_content_width":100,"neve_meta_title_alignment":"","neve_meta_author_avatar":"","neve_post_elements_order":"","neve_meta_disable_header":"","neve_meta_disable_footer":"","neve_meta_disable_title":"on","neve_meta_reading_time":"","footnotes":""},"class_list":["post-634","page","type-page","status-publish","hentry"],"yoast_head":"<!-- This site is optimized with the Yoast SEO plugin v17.8 - https:\/\/yoast.com\/wordpress\/plugins\/seo\/ -->\n<title>Pr\u00e0ctiques, conduir\u00e0s s\u00e8gur i confiat - Autoescuela Miramar<\/title>\n<meta name=\"description\" content=\"Les pr\u00e0ctiques de conduir, tindr\u00e0s a un excel\u00b7lent professor que et conduir\u00e0 a obtenir el carnet de la forma mes r\u00e0pida i senzilla, adequant-se a tu.\" \/>\n<meta name=\"robots\" content=\"index, follow, max-snippet:-1, max-image-preview:large, max-video-preview:-1\" \/>\n<link rel=\"canonical\" href=\"https:\/\/www.autoescuelamiramar.es\/?page_id=634&#038;lang=ca\" \/>\n<meta property=\"og:locale\" content=\"es_ES\" \/>\n<meta property=\"og:type\" content=\"article\" \/>\n<meta property=\"og:title\" content=\"Pr\u00e0ctiques, conduir\u00e0s s\u00e8gur i confiat - Autoescuela Miramar\" \/>\n<meta property=\"og:description\" content=\"Les pr\u00e0ctiques de conduir, tindr\u00e0s a un excel\u00b7lent professor que et conduir\u00e0 a obtenir el carnet de la forma mes r\u00e0pida i senzilla, adequant-se a tu.\" \/>\n<meta property=\"og:url\" content=\"https:\/\/www.autoescuelamiramar.es\/?page_id=634&amp;lang=ca\" \/>\n<meta property=\"og:site_name\" content=\"Autoescuela Miramar\" \/>\n<meta property=\"article:publisher\" content=\"https:\/\/es-es.facebook.com\/autoescuelamiramar\/\" \/>\n<meta property=\"article:modified_time\" content=\"2024-09-07T16:16:56+00:00\" \/>\n<meta name=\"twitter:card\" content=\"summary_large_image\" \/>\n<meta name=\"twitter:label1\" content=\"Tiempo de lectura\" \/>\n\t<meta name=\"twitter:data1\" content=\"5 minutos\" \/>\n<script type=\"application\/ld+json\" class=\"yoast-schema-graph\">{\"@context\":\"https:\/\/schema.org\",\"@graph\":[{\"@type\":\"Organization\",\"@id\":\"https:\/\/www.autoescuelamiramar.es\/#organization\",\"name\":\"Autoescuela Miramar\",\"url\":\"https:\/\/www.autoescuelamiramar.es\/\",\"sameAs\":[\"https:\/\/es-es.facebook.com\/autoescuelamiramar\/\"],\"logo\":{\"@type\":\"ImageObject\",\"@id\":\"https:\/\/www.autoescuelamiramar.es\/#logo\",\"inLanguage\":\"es\",\"url\":\"http:\/\/localhost\/miramar8\/wp-content\/uploads\/2019\/06\/Logotipo_Baner-e1450368670573.png\",\"contentUrl\":\"http:\/\/localhost\/miramar8\/wp-content\/uploads\/2019\/06\/Logotipo_Baner-e1450368670573.png\",\"width\":440,\"height\":119,\"caption\":\"Autoescuela Miramar\"},\"image\":{\"@id\":\"https:\/\/www.autoescuelamiramar.es\/#logo\"}},{\"@type\":\"WebSite\",\"@id\":\"https:\/\/www.autoescuelamiramar.es\/#website\",\"url\":\"https:\/\/www.autoescuelamiramar.es\/\",\"name\":\"Autoescuela Miramar\",\"description\":\"\",\"publisher\":{\"@id\":\"https:\/\/www.autoescuelamiramar.es\/#organization\"},\"potentialAction\":[{\"@type\":\"SearchAction\",\"target\":{\"@type\":\"EntryPoint\",\"urlTemplate\":\"https:\/\/www.autoescuelamiramar.es\/?s={search_term_string}\"},\"query-input\":\"required name=search_term_string\"}],\"inLanguage\":\"es\"},{\"@type\":\"WebPage\",\"@id\":\"https:\/\/www.autoescuelamiramar.es\/?page_id=634&lang=ca#webpage\",\"url\":\"https:\/\/www.autoescuelamiramar.es\/?page_id=634&lang=ca\",\"name\":\"Pr\\u00e0ctiques, conduir\\u00e0s s\\u00e8gur i confiat - Autoescuela Miramar\",\"isPartOf\":{\"@id\":\"https:\/\/www.autoescuelamiramar.es\/#website\"},\"datePublished\":\"2022-01-07T19:07:33+00:00\",\"dateModified\":\"2024-09-07T16:16:56+00:00\",\"description\":\"Les pr\\u00e0ctiques de conduir, tindr\\u00e0s a un excel\\u00b7lent professor que et conduir\\u00e0 a obtenir el carnet de la forma mes r\\u00e0pida i senzilla, adequant-se a tu.\",\"breadcrumb\":{\"@id\":\"https:\/\/www.autoescuelamiramar.es\/?page_id=634&lang=ca#breadcrumb\"},\"inLanguage\":\"es\",\"potentialAction\":[{\"@type\":\"ReadAction\",\"target\":[\"https:\/\/www.autoescuelamiramar.es\/?page_id=634&lang=ca\"]}]},{\"@type\":\"BreadcrumbList\",\"@id\":\"https:\/\/www.autoescuelamiramar.es\/?page_id=634&lang=ca#breadcrumb\",\"itemListElement\":[{\"@type\":\"ListItem\",\"position\":1,\"name\":\"Home\",\"item\":\"https:\/\/www.autoescuelamiramar.es\/\"},{\"@type\":\"ListItem\",\"position\":2,\"name\":\"Pr\\u00e0ctiques\"}]}]}<\/script>\n<!-- \/ Yoast SEO plugin. -->","yoast_head_json":{"title":"Pr\u00e0ctiques, conduir\u00e0s s\u00e8gur i confiat - Autoescuela Miramar","description":"Les pr\u00e0ctiques de conduir, tindr\u00e0s a un excel\u00b7lent professor que et conduir\u00e0 a obtenir el carnet de la forma mes r\u00e0pida i senzilla, adequant-se a tu.","robots":{"index":"index","follow":"follow","max-snippet":"max-snippet:-1","max-image-preview":"max-image-preview:large","max-video-preview":"max-video-preview:-1"},"canonical":"https:\/\/www.autoescuelamiramar.es\/?page_id=634&lang=ca","og_locale":"es_ES","og_type":"article","og_title":"Pr\u00e0ctiques, conduir\u00e0s s\u00e8gur i confiat - Autoescuela Miramar","og_description":"Les pr\u00e0ctiques de conduir, tindr\u00e0s a un excel\u00b7lent professor que et conduir\u00e0 a obtenir el carnet de la forma mes r\u00e0pida i senzilla, adequant-se a tu.","og_url":"https:\/\/www.autoescuelamiramar.es\/?page_id=634&lang=ca","og_site_name":"Autoescuela Miramar","article_publisher":"https:\/\/es-es.facebook.com\/autoescuelamiramar\/","article_modified_time":"2024-09-07T16:16:56+00:00","twitter_card":"summary_large_image","twitter_misc":{"Tiempo de lectura":"5 minutos"},"schema":{"@context":"https:\/\/schema.org","@graph":[{"@type":"Organization","@id":"https:\/\/www.autoescuelamiramar.es\/#organization","name":"Autoescuela Miramar","url":"https:\/\/www.autoescuelamiramar.es\/","sameAs":["https:\/\/es-es.facebook.com\/autoescuelamiramar\/"],"logo":{"@type":"ImageObject","@id":"https:\/\/www.autoescuelamiramar.es\/#logo","inLanguage":"es","url":"http:\/\/localhost\/miramar8\/wp-content\/uploads\/2019\/06\/Logotipo_Baner-e1450368670573.png","contentUrl":"http:\/\/localhost\/miramar8\/wp-content\/uploads\/2019\/06\/Logotipo_Baner-e1450368670573.png","width":440,"height":119,"caption":"Autoescuela Miramar"},"image":{"@id":"https:\/\/www.autoescuelamiramar.es\/#logo"}},{"@type":"WebSite","@id":"https:\/\/www.autoescuelamiramar.es\/#website","url":"https:\/\/www.autoescuelamiramar.es\/","name":"Autoescuela Miramar","description":"","publisher":{"@id":"https:\/\/www.autoescuelamiramar.es\/#organization"},"potentialAction":[{"@type":"SearchAction","target":{"@type":"EntryPoint","urlTemplate":"https:\/\/www.autoescuelamiramar.es\/?s={search_term_string}"},"query-input":"required name=search_term_string"}],"inLanguage":"es"},{"@type":"WebPage","@id":"https:\/\/www.autoescuelamiramar.es\/?page_id=634&lang=ca#webpage","url":"https:\/\/www.autoescuelamiramar.es\/?page_id=634&lang=ca","name":"Pr\u00e0ctiques, conduir\u00e0s s\u00e8gur i confiat - Autoescuela Miramar","isPartOf":{"@id":"https:\/\/www.autoescuelamiramar.es\/#website"},"datePublished":"2022-01-07T19:07:33+00:00","dateModified":"2024-09-07T16:16:56+00:00","description":"Les pr\u00e0ctiques de conduir, tindr\u00e0s a un excel\u00b7lent professor que et conduir\u00e0 a obtenir el carnet de la forma mes r\u00e0pida i senzilla, adequant-se a tu.","breadcrumb":{"@id":"https:\/\/www.autoescuelamiramar.es\/?page_id=634&lang=ca#breadcrumb"},"inLanguage":"es","potentialAction":[{"@type":"ReadAction","target":["https:\/\/www.autoescuelamiramar.es\/?page_id=634&lang=ca"]}]},{"@type":"BreadcrumbList","@id":"https:\/\/www.autoescuelamiramar.es\/?page_id=634&lang=ca#breadcrumb","itemListElement":[{"@type":"ListItem","position":1,"name":"Home","item":"https:\/\/www.autoescuelamiramar.es\/"},{"@type":"ListItem","position":2,"name":"Pr\u00e0ctiques"}]}]}},"_links":{"self":[{"href":"https:\/\/www.autoescuelamiramar.es\/index.php?rest_route=\/wp\/v2\/pages\/634","targetHints":{"allow":["GET"]}}],"collection":[{"href":"https:\/\/www.autoescuelamiramar.es\/index.php?rest_route=\/wp\/v2\/pages"}],"about":[{"href":"https:\/\/www.autoescuelamiramar.es\/index.php?rest_route=\/wp\/v2\/types\/page"}],"author":[{"embeddable":true,"href":"https:\/\/www.autoescuelamiramar.es\/index.php?rest_route=\/wp\/v2\/users\/1"}],"replies":[{"embeddable":true,"href":"https:\/\/www.autoescuelamiramar.es\/index.php?rest_route=%2Fwp%2Fv2%2Fcomments&post=634"}],"version-history":[{"count":3,"href":"https:\/\/www.autoescuelamiramar.es\/index.php?rest_route=\/wp\/v2\/pages\/634\/revisions"}],"predecessor-version":[{"id":676,"href":"https:\/\/www.autoescuelamiramar.es\/index.php?rest_route=\/wp\/v2\/pages\/634\/revisions\/676"}],"wp:attachment":[{"href":"https:\/\/www.autoescuelamiramar.es\/index.php?rest_route=%2Fwp%2Fv2%2Fmedia&parent=634"}],"curies":[{"name":"wp","href":"https:\/\/api.w.org\/{rel}","templated":true}]}}